{"id":9787,"date":"2024-12-12T15:29:59","date_gmt":"2024-12-12T15:29:59","guid":{"rendered":"https:\/\/amd-dz.com\/?page_id=9787"},"modified":"2024-12-12T15:45:16","modified_gmt":"2024-12-12T15:45:16","slug":"evenement","status":"publish","type":"page","link":"https:\/\/amd-dz.com\/revendeur\/evenement\/","title":{"rendered":"Ev\u00e9nement"},"content":{"rendered":"<div class=\"wpb-content-wrapper\"><p>[vc_row css=\u00a0\u00bb.vc_custom_1629877038080{margin-bottom: 40px !important;}\u00a0\u00bb mobile_bg_img_hidden=\u00a0\u00bbno\u00a0\u00bb tablet_bg_img_hidden=\u00a0\u00bbno\u00a0\u00bb woodmart_parallax=\u00a0\u00bb0&Prime; woodmart_gradient_switch=\u00a0\u00bbno\u00a0\u00bb row_reverse_mobile=\u00a0\u00bb1&Prime; row_reverse_tablet=\u00a0\u00bb1&Prime; woodmart_disable_overflow=\u00a0\u00bb0&Prime; wd_z_index=\u00a0\u00bbno\u00a0\u00bb woodmart_css_id=\u00a0\u00bb6125f32826e3d\u00a0\u00bb responsive_spacing=\u00a0\u00bbeyJwYXJhbV90eXBlIjoid29vZG1hcnRfcmVzcG9uc2l2ZV9zcGFjaW5nIiwic2VsZWN0b3JfaWQiOiI2MTI1ZjMyODI2ZTNkIiwic2hvcnRjb2RlIjoidmNfcm93IiwiZGF0YSI6eyJ0YWJsZXQiOnt9LCJtb2JpbGUiOnsibWFyZ2luLWJvdHRvbSI6IjIwIn19fQ==\u00a0\u00bb][vc_column css=\u00a0\u00bb.vc_custom_1629877010833{margin-bottom: 40px !important;padding-top: 0px !important;}\u00a0\u00bb mobile_bg_img_hidden=\u00a0\u00bbno\u00a0\u00bb tablet_bg_img_hidden=\u00a0\u00bbno\u00a0\u00bb woodmart_parallax=\u00a0\u00bb0&Prime; woodmart_sticky_column=\u00a0\u00bbfalse\u00a0\u00bb parallax_scroll=\u00a0\u00bbno\u00a0\u00bb mobile_reset_margin=\u00a0\u00bbno\u00a0\u00bb tablet_reset_margin=\u00a0\u00bbno\u00a0\u00bb offset=\u00a0\u00bbvc_col-lg-6 vc_col-md-6&Prime; wd_z_index=\u00a0\u00bbno\u00a0\u00bb woodmart_css_id=\u00a0\u00bb6125f30edad72&Prime; responsive_spacing=\u00a0\u00bbeyJwYXJhbV90eXBlIjoid29vZG1hcnRfcmVzcG9uc2l2ZV9zcGFjaW5nIiwic2VsZWN0b3JfaWQiOiI2MTI1ZjMwZWRhZDcyIiwic2hvcnRjb2RlIjoidmNfY29sdW1uIiwiZGF0YSI6eyJ0YWJsZXQiOnt9LCJtb2JpbGUiOnt9fX0=\u00a0\u00bb]\t\t<div id=\"wd-675b04693ccee\" class=\"wd-image wd-wpb wd-rs-675b04693ccee text-left vc_custom_1734018182608\">\n\t\t\t\n\t\t\t<img loading=\"lazy\" decoding=\"async\" width=\"810\" height=\"1080\" src=\"https:\/\/amd-dz.com\/revendeur\/wp-content\/uploads\/2024\/12\/IMG-20241211-WA0014.jpg\" class=\"attachment-full size-full\" alt=\"\" srcset=\"https:\/\/amd-dz.com\/revendeur\/wp-content\/uploads\/2024\/12\/IMG-20241211-WA0014.jpg 810w, https:\/\/amd-dz.com\/revendeur\/wp-content\/uploads\/2024\/12\/IMG-20241211-WA0014-225x300.jpg 225w, https:\/\/amd-dz.com\/revendeur\/wp-content\/uploads\/2024\/12\/IMG-20241211-WA0014-600x800.jpg 600w, https:\/\/amd-dz.com\/revendeur\/wp-content\/uploads\/2024\/12\/IMG-20241211-WA0014-768x1024.jpg 768w, https:\/\/amd-dz.com\/revendeur\/wp-content\/uploads\/2024\/12\/IMG-20241211-WA0014-430x573.jpg 430w, https:\/\/amd-dz.com\/revendeur\/wp-content\/uploads\/2024\/12\/IMG-20241211-WA0014-700x933.jpg 700w, https:\/\/amd-dz.com\/revendeur\/wp-content\/uploads\/2024\/12\/IMG-20241211-WA0014-150x200.jpg 150w\" sizes=\"auto, (max-width: 810px) 100vw, 810px\" \/>\n\t\t\t\t\t<\/div>\n\t\t[\/vc_column][vc_column css=\u00a0\u00bb.vc_custom_1629877027060{margin-bottom: 40px !important;padding-top: 40px !important;}\u00a0\u00bb mobile_bg_img_hidden=\u00a0\u00bbno\u00a0\u00bb tablet_bg_img_hidden=\u00a0\u00bbno\u00a0\u00bb woodmart_parallax=\u00a0\u00bb0&Prime; woodmart_sticky_column=\u00a0\u00bbfalse\u00a0\u00bb parallax_scroll=\u00a0\u00bbno\u00a0\u00bb mobile_reset_margin=\u00a0\u00bbno\u00a0\u00bb tablet_reset_margin=\u00a0\u00bbno\u00a0\u00bb offset=\u00a0\u00bbvc_col-lg-offset-1 vc_col-lg-5 vc_col-md-6 vc_col-xs-12&Prime; wd_z_index=\u00a0\u00bbno\u00a0\u00bb woodmart_css_id=\u00a0\u00bb6125f320eb687&Prime; responsive_spacing=\u00a0\u00bbeyJwYXJhbV90eXBlIjoid29vZG1hcnRfcmVzcG9uc2l2ZV9zcGFjaW5nIiwic2VsZWN0b3JfaWQiOiI2MTI1ZjMyMGViNjg3Iiwic2hvcnRjb2RlIjoidmNfY29sdW1uIiwiZGF0YSI6eyJ0YWJsZXQiOnt9LCJtb2JpbGUiOnsicGFkZGluZy10b3AiOiIwIn19fQ==\u00a0\u00bb]\t\t\t<link rel=\"stylesheet\" id=\"wd-section-title-css\" href=\"https:\/\/amd-dz.com\/revendeur\/wp-content\/themes\/woodmart\/css\/parts\/el-section-title.min.css?ver=7.4.3\" type=\"text\/css\" media=\"all\" \/> \t\t\t\t\t\t<link rel=\"stylesheet\" id=\"wd-mod-highlighted-text-css\" href=\"https:\/\/amd-dz.com\/revendeur\/wp-content\/themes\/woodmart\/css\/parts\/mod-highlighted-text.min.css?ver=7.4.3\" type=\"text\/css\" media=\"all\" \/> \t\t\t\n\t\t<div id=\"wd-675b04e5ef05d\" class=\"title-wrapper wd-wpb set-mb-s reset-last-child  wd-rs-675b04e5ef05d wd-title-color-primary wd-title-style-default text-left vc_custom_1734018313172 wd-underline-colored\">\n\t\t\t\t\t\t\t<div class=\"title-subtitle  subtitle-color-primary font-default subtitle-style-default wd-font-weight-600 wd-fontsize-m\">A ALGER<\/div>\n\t\t\t\n\t\t\t<div class=\"liner-continer\">\n\t\t\t\t<h4 class=\"woodmart-title-container title  wd-font-weight- wd-fontsize-xxxl\" >ADEX Expo Dentaire<\/h4>\n\t\t\t\t\t\t\t<\/div>\n\t\t\t\n\t\t\t\n\t\t\t\n\t\t<\/div>\n\t\t\n\t\t\t\t\t<link rel=\"stylesheet\" id=\"wd-text-block-css\" href=\"https:\/\/amd-dz.com\/revendeur\/wp-content\/themes\/woodmart\/css\/parts\/el-text-block.min.css?ver=7.4.3\" type=\"text\/css\" media=\"all\" \/> \t\t\t\t\t<div id=\"wd-675b0426d5558\" class=\"wd-text-block wd-wpb reset-last-child wd-rs-675b0426d5558 text-left wd-fontsize-custom vc_custom_1734018091994\">\n\t\t\t<div class=\"main-page-wrapper\">\n<div class=\"container\">\n<div class=\"row content-layout-wrapper align-items-start\">\n<div class=\"elementor elementor-19104\" data-elementor-type=\"wp-page\" data-elementor-id=\"19104\" data-elementor-post-type=\"page\">\n<section class=\"wd-negative-gap elementor-section elementor-top-section elementor-element elementor-element-5a26ce3 elementor-section-content-middle elementor-reverse-tablet elementor-reverse-mobile elementor-section-boxed elementor-section-height-default elementor-section-height-default wd-section-disabled\" data-id=\"5a26ce3\" data-element_type=\"section\">\n<div class=\"elementor-container elementor-column-gap-default\">\n<div class=\"elementor-column elementor-col-100 elementor-top-column elementor-element elementor-element-4f885b4\" data-id=\"4f885b4\" data-element_type=\"column\">\n<div class=\"elementor-widget-wrap elementor-element-populated\">\n<div class=\"elementor-element elementor-element-b5f0ef9 elementor-widget elementor-widget-wd_title\" data-id=\"b5f0ef9\" data-element_type=\"widget\" data-widget_type=\"wd_title.default\">\n<div class=\"elementor-widget-container\">\n<div class=\"title-wrapper set-mb-s reset-last-child wd-title-color-default wd-title-style-default wd-title-size-large text-center\">\n<div class=\"title-after_title set-cont-mb-s reset-last-child wd-fontsize-s\">\n<div class=\"gs\">\n<div class=\"\">\n<div id=\":hp\" class=\"ii gt\">\n<div id=\":ho\" class=\"a3s aiL \">\n<div dir=\"auto\">\n<div dir=\"auto\">\n<div id=\":19l\" class=\"ii gt\">\n<div id=\":19k\" class=\"a3s aiL \">\n<div dir=\"auto\"><span style=\"color: #000000;\">Un c\u00f4t\u00e9 de notre participation dans ADEX expo dentaire au palais des expositions SAFEX- ALGER, un grand Remerciement \u00e0 tout les participants qui Honorez-nous par leur visites et aussi aux organisateurs de cet \u00e9v\u00e9nement.<\/span><\/div>\n<\/div>\n<\/div>\n<\/div>\n<\/div>\n<\/div>\n<\/div>\n<\/div>\n<\/div>\n<\/div>\n<\/div>\n<\/div>\n<\/div>\n<\/div>\n<\/div>\n<\/div>\n<\/section>\n<\/div>\n<\/div>\n<\/div>\n<\/div>\n\t\t<\/div>\n\t\t[\/vc_column][\/vc_row]<\/p>\n<\/div>","protected":false},"excerpt":{"rendered":"<p>[vc_row css=\u00a0\u00bb.vc_custom_1629877038080{margin-bottom: 40px !important;}\u00a0\u00bb mobile_bg_img_hidden=\u00a0\u00bbno\u00a0\u00bb tablet_bg_img_hidden=\u00a0\u00bbno\u00a0\u00bb woodmart_parallax=\u00a0\u00bb0&Prime; woodmart_gradient_switch=\u00a0\u00bbno\u00a0\u00bb row_reverse_mobile=\u00a0\u00bb1&Prime; row_reverse_tablet=\u00a0\u00bb1&Prime; woodmart_disable_overflow=\u00a0\u00bb0&Prime; wd_z_index=\u00a0\u00bbno\u00a0\u00bb woodmart_css_id=\u00a0\u00bb6125f32826e3d\u00a0\u00bb responsive_spacing=\u00a0\u00bbeyJwYXJhbV90eXBlIjoid29vZG1hcnRfcmVzcG9uc2l2ZV9zcGFjaW5nIiwic2VsZWN0b3JfaWQiOiI2MTI1ZjMyODI2ZTNkIiwic2hvcnRjb2RlIjoidmNfcm93IiwiZGF0YSI6eyJ0YWJsZXQiOnt9LCJtb2JpbGUiOnsibWFyZ2luLWJvdHRvbSI6IjIwIn19fQ==\u00a0\u00bb][vc_column css=\u00a0\u00bb.vc_custom_1629877010833{margin-bottom: 40px !important;padding-top: 0px !important;}\u00a0\u00bb mobile_bg_img_hidden=\u00a0\u00bbno\u00a0\u00bb<\/p>\n","protected":false},"author":1,"featured_media":0,"parent":0,"menu_order":0,"comment_status":"closed","ping_status":"closed","template":"","meta":{"footnotes":""},"class_list":["post-9787","page","type-page","status-publish","hentry"],"_links":{"self":[{"href":"https:\/\/amd-dz.com\/revendeur\/wp-json\/wp\/v2\/pages\/9787","targetHints":{"allow":["GET"]}}],"collection":[{"href":"https:\/\/amd-dz.com\/revendeur\/wp-json\/wp\/v2\/pages"}],"about":[{"href":"https:\/\/amd-dz.com\/revendeur\/wp-json\/wp\/v2\/types\/page"}],"author":[{"embeddable":true,"href":"https:\/\/amd-dz.com\/revendeur\/wp-json\/wp\/v2\/users\/1"}],"replies":[{"embeddable":true,"href":"https:\/\/amd-dz.com\/revendeur\/wp-json\/wp\/v2\/comments?post=9787"}],"version-history":[{"count":8,"href":"https:\/\/amd-dz.com\/revendeur\/wp-json\/wp\/v2\/pages\/9787\/revisions"}],"predecessor-version":[{"id":9928,"href":"https:\/\/amd-dz.com\/revendeur\/wp-json\/wp\/v2\/pages\/9787\/revisions\/9928"}],"wp:attachment":[{"href":"https:\/\/amd-dz.com\/revendeur\/wp-json\/wp\/v2\/media?parent=9787"}],"curies":[{"name":"wp","href":"https:\/\/api.w.org\/{rel}","templated":true}]}}