{"id":10003,"date":"2024-12-12T20:08:28","date_gmt":"2024-12-12T20:08:28","guid":{"rendered":"https:\/\/amd-dz.com\/?post_type=product&#038;p=10003"},"modified":"2024-12-23T20:36:01","modified_gmt":"2024-12-23T20:36:01","slug":"endobox","status":"publish","type":"product","link":"https:\/\/amd-dz.com\/revendeur\/produit\/endobox\/","title":{"rendered":"Endobox"},"content":{"rendered":"<ul>\n<li>Porte instruments endo + r\u00e9glette int\u00e9gr\u00e9e<\/li>\n<li>produit autoclavable<\/li>\n<li>fabriqu\u00e9 en Turquie<\/li>\n<\/ul>\n","protected":false},"excerpt":{"rendered":"<p>Porte instruments endo + r\u00e9glette int\u00e9gr\u00e9e produit autoclavable fabriqu\u00e9 en Turquie<\/p>\n","protected":false},"featured_media":10004,"comment_status":"open","ping_status":"closed","template":"","meta":[],"product_cat":[135,139],"product_tag":[],"class_list":{"0":"post-10003","1":"product","2":"type-product","3":"status-publish","4":"has-post-thumbnail","6":"product_cat-instruments-et-accessoires","7":"product_cat-nos-produits-speciales","9":"first","10":"instock","11":"shipping-taxable","12":"purchasable","13":"product-type-simple"},"_links":{"self":[{"href":"https:\/\/amd-dz.com\/revendeur\/wp-json\/wp\/v2\/product\/10003","targetHints":{"allow":["GET"]}}],"collection":[{"href":"https:\/\/amd-dz.com\/revendeur\/wp-json\/wp\/v2\/product"}],"about":[{"href":"https:\/\/amd-dz.com\/revendeur\/wp-json\/wp\/v2\/types\/product"}],"replies":[{"embeddable":true,"href":"https:\/\/amd-dz.com\/revendeur\/wp-json\/wp\/v2\/comments?post=10003"}],"wp:featuredmedia":[{"embeddable":true,"href":"https:\/\/amd-dz.com\/revendeur\/wp-json\/wp\/v2\/media\/10004"}],"wp:attachment":[{"href":"https:\/\/amd-dz.com\/revendeur\/wp-json\/wp\/v2\/media?parent=10003"}],"wp:term":[{"taxonomy":"product_cat","embeddable":true,"href":"https:\/\/amd-dz.com\/revendeur\/wp-json\/wp\/v2\/product_cat?post=10003"},{"taxonomy":"product_tag","embeddable":true,"href":"https:\/\/amd-dz.com\/revendeur\/wp-json\/wp\/v2\/product_tag?post=10003"}],"curies":[{"name":"wp","href":"https:\/\/api.w.org\/{rel}","templated":true}]}}