{"id":9777,"date":"2024-12-11T15:45:36","date_gmt":"2024-12-11T15:45:36","guid":{"rendered":"https:\/\/amd-dz.com\/?post_type=product&#038;p=9777"},"modified":"2024-12-23T21:09:17","modified_gmt":"2024-12-23T21:09:17","slug":"rubycal-boite-de-4-seringues","status":"publish","type":"product","link":"https:\/\/amd-dz.com\/revendeur\/produit\/rubycal-boite-de-4-seringues\/","title":{"rendered":"RubyCal &#8211; boite de 4 seringues"},"content":{"rendered":"<p>Hydroxyde de calcium = Sulfate de Barium en pate prete \u00e0 l&rsquo; emploi<\/p>\n<p>4 seringue de 2 gr chaque<\/p>\n<p>Apexog\u00e9n\u00e8se &#8211; d\u00e9sinfection canalaire &#8211;<\/p>\n<ul>\n<li>Radio-opacit\u00e9 \u00e9lev\u00e9e<\/li>\n<li>Retrait facile<\/li>\n<li>La p\u00e2te a un pH &gt; 12<\/li>\n<li>Excellentes caract\u00e9ristiques de manipulation<\/li>\n<\/ul>\n<p>&nbsp;<\/p>\n","protected":false},"excerpt":{"rendered":"<p>Hydroxyde de calcium = Sulfate de Barium en pate prete \u00e0 l&rsquo; emploi 4 seringue de 2 gr chaque Apexog\u00e9n\u00e8se<\/p>\n","protected":false},"featured_media":9778,"comment_status":"open","ping_status":"closed","template":"","meta":[],"product_cat":[125],"product_tag":[],"class_list":{"0":"post-9777","1":"product","2":"type-product","3":"status-publish","4":"has-post-thumbnail","6":"product_cat-hydoxydes-de-calcium-liners","8":"first","9":"instock","10":"shipping-taxable","11":"purchasable","12":"product-type-simple"},"_links":{"self":[{"href":"https:\/\/amd-dz.com\/revendeur\/wp-json\/wp\/v2\/product\/9777","targetHints":{"allow":["GET"]}}],"collection":[{"href":"https:\/\/amd-dz.com\/revendeur\/wp-json\/wp\/v2\/product"}],"about":[{"href":"https:\/\/amd-dz.com\/revendeur\/wp-json\/wp\/v2\/types\/product"}],"replies":[{"embeddable":true,"href":"https:\/\/amd-dz.com\/revendeur\/wp-json\/wp\/v2\/comments?post=9777"}],"wp:featuredmedia":[{"embeddable":true,"href":"https:\/\/amd-dz.com\/revendeur\/wp-json\/wp\/v2\/media\/9778"}],"wp:attachment":[{"href":"https:\/\/amd-dz.com\/revendeur\/wp-json\/wp\/v2\/media?parent=9777"}],"wp:term":[{"taxonomy":"product_cat","embeddable":true,"href":"https:\/\/amd-dz.com\/revendeur\/wp-json\/wp\/v2\/product_cat?post=9777"},{"taxonomy":"product_tag","embeddable":true,"href":"https:\/\/amd-dz.com\/revendeur\/wp-json\/wp\/v2\/product_tag?post=9777"}],"curies":[{"name":"wp","href":"https:\/\/api.w.org\/{rel}","templated":true}]}}